{"id":2199,"date":"2025-01-22T18:52:20","date_gmt":"2025-01-22T17:52:20","guid":{"rendered":"https:\/\/www.brezadeveloper.sk\/?page_id=2199"},"modified":"2025-01-29T14:59:57","modified_gmt":"2025-01-29T13:59:57","slug":"nas-tim","status":"publish","type":"page","link":"https:\/\/www.brezadeveloper.sk\/en\/nas-tim\/","title":{"rendered":"Our team"},"content":{"rendered":"<div data-elementor-type=\"wp-page\" data-elementor-id=\"2199\" class=\"elementor elementor-2199\" data-elementor-post-type=\"page\">\n\t\t\t\t<div class=\"elementor-element elementor-element-c9729aa e-flex e-con-boxed e-con e-parent\" data-id=\"c9729aa\" data-element_type=\"container\">\n\t\t\t\t\t<div class=\"e-con-inner\">\n\t\t<div class=\"elementor-element elementor-element-dbcda9b e-con-full e-flex e-con e-child\" data-id=\"dbcda9b\" data-element_type=\"container\">\n\t\t<div class=\"elementor-element elementor-element-d19bee9 e-con-full e-flex e-con e-child\" data-id=\"d19bee9\" data-element_type=\"container\" data-settings=\"{&quot;background_background&quot;:&quot;classic&quot;}\">\n\t\t\t\t<div class=\"elementor-element elementor-element-be17dca elementor-view-default elementor-widget elementor-widget-icon\" data-id=\"be17dca\" data-element_type=\"widget\" data-widget_type=\"icon.default\">\n\t\t\t\t<div class=\"elementor-widget-container\">\n\t\t\t\t\t\t\t<div class=\"elementor-icon-wrapper\">\n\t\t\t<div class=\"elementor-icon\">\n\t\t\t<i aria-hidden=\"true\" class=\"fas fa-square-full\"><\/i>\t\t\t<\/div>\n\t\t<\/div>\n\t\t\t\t\t\t<\/div>\n\t\t\t\t<\/div>\n\t\t\t\t<div class=\"elementor-element elementor-element-746f363 elementor-widget elementor-widget-heading\" data-id=\"746f363\" data-element_type=\"widget\" data-widget_type=\"heading.default\">\n\t\t\t\t<div class=\"elementor-widget-container\">\n\t\t\t\t\t<h3 class=\"elementor-heading-title elementor-size-default\">Our team<\/h3>\t\t\t\t<\/div>\n\t\t\t\t<\/div>\n\t\t\t\t<\/div>\n\t\t\t\t<div class=\"elementor-element elementor-element-a31a994 elementor-widget elementor-widget-heading\" data-id=\"a31a994\" data-element_type=\"widget\" data-widget_type=\"heading.default\">\n\t\t\t\t<div class=\"elementor-widget-container\">\n\t\t\t\t\t<h2 class=\"elementor-heading-title elementor-size-default\">Together we create your dream home<\/h2>\t\t\t\t<\/div>\n\t\t\t\t<\/div>\n\t\t\t\t<\/div>\n\t\t<div class=\"elementor-element elementor-element-9f7c02d e-con-full e-flex e-con e-child\" data-id=\"9f7c02d\" data-element_type=\"container\" data-settings=\"{&quot;background_background&quot;:&quot;classic&quot;}\">\n\t\t\t\t<div class=\"elementor-element elementor-element-ae25686 elementor-widget elementor-widget-image\" data-id=\"ae25686\" data-element_type=\"widget\" data-widget_type=\"image.default\">\n\t\t\t\t<div class=\"elementor-widget-container\">\n\t\t\t\t\t\t\t\t\t\t\t\t\t\t\t<img fetchpriority=\"high\" decoding=\"async\" width=\"683\" height=\"1024\" src=\"https:\/\/www.brezadeveloper.sk\/wp-content\/uploads\/2024\/02\/Miloslav-Balla-683x1024.webp\" class=\"attachment-large size-large wp-image-1299\" alt=\"\" srcset=\"https:\/\/www.brezadeveloper.sk\/wp-content\/uploads\/2024\/02\/Miloslav-Balla-683x1024.webp 683w, https:\/\/www.brezadeveloper.sk\/wp-content\/uploads\/2024\/02\/Miloslav-Balla-200x300.webp 200w, https:\/\/www.brezadeveloper.sk\/wp-content\/uploads\/2024\/02\/Miloslav-Balla-768x1152.webp 768w, https:\/\/www.brezadeveloper.sk\/wp-content\/uploads\/2024\/02\/Miloslav-Balla.webp 808w\" sizes=\"(max-width: 683px) 100vw, 683px\" \/>\t\t\t\t\t\t\t\t\t\t\t\t\t\t\t<\/div>\n\t\t\t\t<\/div>\n\t\t<div class=\"elementor-element elementor-element-7bedbb7 e-con-full e-flex e-con e-child\" data-id=\"7bedbb7\" data-element_type=\"container\" data-settings=\"{&quot;background_background&quot;:&quot;classic&quot;}\">\n\t\t\t\t<div class=\"elementor-element elementor-element-3b69374 elementor-widget elementor-widget-heading\" data-id=\"3b69374\" data-element_type=\"widget\" data-widget_type=\"heading.default\">\n\t\t\t\t<div class=\"elementor-widget-container\">\n\t\t\t\t\t<h2 class=\"elementor-heading-title elementor-size-default\">Miloslav Balla<\/h2>\t\t\t\t<\/div>\n\t\t\t\t<\/div>\n\t\t\t\t<div class=\"elementor-element elementor-element-ed07873 elementor-widget elementor-widget-heading\" data-id=\"ed07873\" data-element_type=\"widget\" data-widget_type=\"heading.default\">\n\t\t\t\t<div class=\"elementor-widget-container\">\n\t\t\t\t\t<h2 class=\"elementor-heading-title elementor-size-default\">Chief executive officer<\/h2>\t\t\t\t<\/div>\n\t\t\t\t<\/div>\n\t\t\t\t<\/div>\n\t\t\t\t<\/div>\n\t\t<div class=\"elementor-element elementor-element-483bda5 e-con-full e-flex e-con e-child\" data-id=\"483bda5\" data-element_type=\"container\" data-settings=\"{&quot;background_background&quot;:&quot;classic&quot;}\">\n\t\t\t\t<div class=\"elementor-element elementor-element-a2f3137 elementor-widget elementor-widget-image\" data-id=\"a2f3137\" data-element_type=\"widget\" data-widget_type=\"image.default\">\n\t\t\t\t<div class=\"elementor-widget-container\">\n\t\t\t\t\t\t\t\t\t\t\t\t\t\t\t<img decoding=\"async\" width=\"683\" height=\"1024\" src=\"https:\/\/www.brezadeveloper.sk\/wp-content\/uploads\/2024\/02\/KlaraBallova-683x1024.webp\" class=\"attachment-large size-large wp-image-1302\" alt=\"\" srcset=\"https:\/\/www.brezadeveloper.sk\/wp-content\/uploads\/2024\/02\/KlaraBallova-683x1024.webp 683w, https:\/\/www.brezadeveloper.sk\/wp-content\/uploads\/2024\/02\/KlaraBallova-200x300.webp 200w, https:\/\/www.brezadeveloper.sk\/wp-content\/uploads\/2024\/02\/KlaraBallova-768x1152.webp 768w, https:\/\/www.brezadeveloper.sk\/wp-content\/uploads\/2024\/02\/KlaraBallova.webp 808w\" sizes=\"(max-width: 683px) 100vw, 683px\" \/>\t\t\t\t\t\t\t\t\t\t\t\t\t\t\t<\/div>\n\t\t\t\t<\/div>\n\t\t<div class=\"elementor-element elementor-element-996e2ee e-con-full e-flex e-con e-child\" data-id=\"996e2ee\" data-element_type=\"container\" data-settings=\"{&quot;background_background&quot;:&quot;classic&quot;}\">\n\t\t\t\t<div class=\"elementor-element elementor-element-5b0bd8c elementor-widget elementor-widget-heading\" data-id=\"5b0bd8c\" data-element_type=\"widget\" data-widget_type=\"heading.default\">\n\t\t\t\t<div class=\"elementor-widget-container\">\n\t\t\t\t\t<h2 class=\"elementor-heading-title elementor-size-default\">Kl\u00e1ra Ballov\u00e1<\/h2>\t\t\t\t<\/div>\n\t\t\t\t<\/div>\n\t\t\t\t<div class=\"elementor-element elementor-element-991406b elementor-widget elementor-widget-heading\" data-id=\"991406b\" data-element_type=\"widget\" data-widget_type=\"heading.default\">\n\t\t\t\t<div class=\"elementor-widget-container\">\n\t\t\t\t\t<h2 class=\"elementor-heading-title elementor-size-default\">Financial advisor<\/h2>\t\t\t\t<\/div>\n\t\t\t\t<\/div>\n\t\t\t\t<\/div>\n\t\t\t\t<\/div>\n\t\t\t\t\t<\/div>\n\t\t\t\t<\/div>\n\t\t<div class=\"elementor-element elementor-element-031c583 e-flex e-con-boxed e-con e-parent\" data-id=\"031c583\" data-element_type=\"container\">\n\t\t\t\t\t<div class=\"e-con-inner\">\n\t\t<div class=\"elementor-element elementor-element-27fdb2f e-con-full e-flex e-con e-child\" data-id=\"27fdb2f\" data-element_type=\"container\" data-settings=\"{&quot;background_background&quot;:&quot;classic&quot;}\">\n\t\t\t\t<div class=\"elementor-element elementor-element-8dbcabf elementor-widget elementor-widget-image\" data-id=\"8dbcabf\" data-element_type=\"widget\" data-widget_type=\"image.default\">\n\t\t\t\t<div class=\"elementor-widget-container\">\n\t\t\t\t\t\t\t\t\t\t\t\t\t\t\t<img decoding=\"async\" width=\"683\" height=\"1024\" src=\"https:\/\/www.brezadeveloper.sk\/wp-content\/uploads\/2024\/02\/Irina-Cepkova-683x1024.webp\" class=\"attachment-large size-large wp-image-1300\" alt=\"\" srcset=\"https:\/\/www.brezadeveloper.sk\/wp-content\/uploads\/2024\/02\/Irina-Cepkova-683x1024.webp 683w, https:\/\/www.brezadeveloper.sk\/wp-content\/uploads\/2024\/02\/Irina-Cepkova-200x300.webp 200w, https:\/\/www.brezadeveloper.sk\/wp-content\/uploads\/2024\/02\/Irina-Cepkova-768x1152.webp 768w, https:\/\/www.brezadeveloper.sk\/wp-content\/uploads\/2024\/02\/Irina-Cepkova.webp 808w\" sizes=\"(max-width: 683px) 100vw, 683px\" \/>\t\t\t\t\t\t\t\t\t\t\t\t\t\t\t<\/div>\n\t\t\t\t<\/div>\n\t\t<div class=\"elementor-element elementor-element-d202b4f e-con-full e-flex e-con e-child\" data-id=\"d202b4f\" data-element_type=\"container\" data-settings=\"{&quot;background_background&quot;:&quot;classic&quot;}\">\n\t\t\t\t<div class=\"elementor-element elementor-element-5893560 elementor-widget elementor-widget-heading\" data-id=\"5893560\" data-element_type=\"widget\" data-widget_type=\"heading.default\">\n\t\t\t\t<div class=\"elementor-widget-container\">\n\t\t\t\t\t<h2 class=\"elementor-heading-title elementor-size-default\">Irina Cepkov\u00e1<\/h2>\t\t\t\t<\/div>\n\t\t\t\t<\/div>\n\t\t\t\t<div class=\"elementor-element elementor-element-30ca7b7 elementor-widget elementor-widget-heading\" data-id=\"30ca7b7\" data-element_type=\"widget\" data-widget_type=\"heading.default\">\n\t\t\t\t<div class=\"elementor-widget-container\">\n\t\t\t\t\t<h2 class=\"elementor-heading-title elementor-size-default\">Preparation coordinator<\/h2>\t\t\t\t<\/div>\n\t\t\t\t<\/div>\n\t\t\t\t<\/div>\n\t\t\t\t<\/div>\n\t\t<div class=\"elementor-element elementor-element-88988fb e-con-full e-flex e-con e-child\" data-id=\"88988fb\" data-element_type=\"container\" data-settings=\"{&quot;background_background&quot;:&quot;classic&quot;}\">\n\t\t\t\t<div class=\"elementor-element elementor-element-cfebbd6 elementor-widget elementor-widget-image\" data-id=\"cfebbd6\" data-element_type=\"widget\" data-widget_type=\"image.default\">\n\t\t\t\t<div class=\"elementor-widget-container\">\n\t\t\t\t\t\t\t\t\t\t\t\t\t\t\t<img loading=\"lazy\" decoding=\"async\" width=\"683\" height=\"1024\" src=\"https:\/\/www.brezadeveloper.sk\/wp-content\/uploads\/2024\/02\/Martina_Ballova-683x1024.webp\" class=\"attachment-large size-large wp-image-1321\" alt=\"\" srcset=\"https:\/\/www.brezadeveloper.sk\/wp-content\/uploads\/2024\/02\/Martina_Ballova-683x1024.webp 683w, https:\/\/www.brezadeveloper.sk\/wp-content\/uploads\/2024\/02\/Martina_Ballova-200x300.webp 200w, https:\/\/www.brezadeveloper.sk\/wp-content\/uploads\/2024\/02\/Martina_Ballova-768x1152.webp 768w, https:\/\/www.brezadeveloper.sk\/wp-content\/uploads\/2024\/02\/Martina_Ballova.webp 808w\" sizes=\"(max-width: 683px) 100vw, 683px\" \/>\t\t\t\t\t\t\t\t\t\t\t\t\t\t\t<\/div>\n\t\t\t\t<\/div>\n\t\t<div class=\"elementor-element elementor-element-c17a790 e-con-full e-flex e-con e-child\" data-id=\"c17a790\" data-element_type=\"container\" data-settings=\"{&quot;background_background&quot;:&quot;classic&quot;}\">\n\t\t\t\t<div class=\"elementor-element elementor-element-638c82d elementor-widget elementor-widget-heading\" data-id=\"638c82d\" data-element_type=\"widget\" data-widget_type=\"heading.default\">\n\t\t\t\t<div class=\"elementor-widget-container\">\n\t\t\t\t\t<h2 class=\"elementor-heading-title elementor-size-default\">Martina Ballov\u00e1<\/h2>\t\t\t\t<\/div>\n\t\t\t\t<\/div>\n\t\t\t\t<div class=\"elementor-element elementor-element-ae1f7e1 elementor-widget elementor-widget-heading\" data-id=\"ae1f7e1\" data-element_type=\"widget\" data-widget_type=\"heading.default\">\n\t\t\t\t<div class=\"elementor-widget-container\">\n\t\t\t\t\t<h2 class=\"elementor-heading-title elementor-size-default\">Real estate agent<\/h2>\t\t\t\t<\/div>\n\t\t\t\t<\/div>\n\t\t\t\t<\/div>\n\t\t\t\t<\/div>\n\t\t<div class=\"elementor-element elementor-element-cf8ade3 e-con-full e-flex e-con e-child\" data-id=\"cf8ade3\" data-element_type=\"container\" data-settings=\"{&quot;background_background&quot;:&quot;classic&quot;}\">\n\t\t\t\t<div class=\"elementor-element elementor-element-61b1a0d elementor-widget elementor-widget-image\" data-id=\"61b1a0d\" data-element_type=\"widget\" data-widget_type=\"image.default\">\n\t\t\t\t<div class=\"elementor-widget-container\">\n\t\t\t\t\t\t\t\t\t\t\t\t\t\t\t<img loading=\"lazy\" decoding=\"async\" width=\"683\" height=\"1024\" src=\"https:\/\/www.brezadeveloper.sk\/wp-content\/uploads\/2024\/02\/Marian-Cepka-683x1024.webp\" class=\"attachment-large size-large wp-image-1303\" alt=\"\" srcset=\"https:\/\/www.brezadeveloper.sk\/wp-content\/uploads\/2024\/02\/Marian-Cepka-683x1024.webp 683w, https:\/\/www.brezadeveloper.sk\/wp-content\/uploads\/2024\/02\/Marian-Cepka-200x300.webp 200w, https:\/\/www.brezadeveloper.sk\/wp-content\/uploads\/2024\/02\/Marian-Cepka-768x1152.webp 768w, https:\/\/www.brezadeveloper.sk\/wp-content\/uploads\/2024\/02\/Marian-Cepka.webp 808w\" sizes=\"(max-width: 683px) 100vw, 683px\" \/>\t\t\t\t\t\t\t\t\t\t\t\t\t\t\t<\/div>\n\t\t\t\t<\/div>\n\t\t<div class=\"elementor-element elementor-element-8b21d24 e-con-full e-flex e-con e-child\" data-id=\"8b21d24\" data-element_type=\"container\" data-settings=\"{&quot;background_background&quot;:&quot;classic&quot;}\">\n\t\t\t\t<div class=\"elementor-element elementor-element-ff7d4e2 elementor-widget elementor-widget-heading\" data-id=\"ff7d4e2\" data-element_type=\"widget\" data-widget_type=\"heading.default\">\n\t\t\t\t<div class=\"elementor-widget-container\">\n\t\t\t\t\t<h2 class=\"elementor-heading-title elementor-size-default\">Mari\u00e1n Cepka<\/h2>\t\t\t\t<\/div>\n\t\t\t\t<\/div>\n\t\t\t\t<div class=\"elementor-element elementor-element-9cb4e1d elementor-widget elementor-widget-heading\" data-id=\"9cb4e1d\" data-element_type=\"widget\" data-widget_type=\"heading.default\">\n\t\t\t\t<div class=\"elementor-widget-container\">\n\t\t\t\t\t<h2 class=\"elementor-heading-title elementor-size-default\">Surveyor<\/h2>\t\t\t\t<\/div>\n\t\t\t\t<\/div>\n\t\t\t\t<\/div>\n\t\t\t\t<\/div>\n\t\t\t\t\t<\/div>\n\t\t\t\t<\/div>\n\t\t\t\t<\/div>","protected":false},"excerpt":{"rendered":"<p>N\u00e1\u0161 t\u00edm Spolo\u010dne vytv\u00e1rame v\u00e1\u0161 vysn\u00edvan\u00fd domov Miloslav Balla Gener\u00e1lny riadite\u013e Kl\u00e1ra Ballov\u00e1 Finan\u010dn\u00fd poradca Irina Cepkov\u00e1 Koordin\u00e1tor pr\u00edpravy Martina Ballov\u00e1 Realitn\u00fd makl\u00e9r Mari\u00e1n Cepka Geodet<\/p>","protected":false},"author":1,"featured_media":1299,"parent":0,"menu_order":0,"comment_status":"closed","ping_status":"closed","template":"","meta":{"_acf_changed":false,"footnotes":""},"class_list":["post-2199","page","type-page","status-publish","has-post-thumbnail","hentry"],"acf":[],"yoast_head":"<!-- This site is optimized with the Yoast SEO plugin v26.8 - https:\/\/yoast.com\/product\/yoast-seo-wordpress\/ -->\n<title>N\u00e1\u0161 t\u00edm | BrezaDeveloper<\/title>\n<meta name=\"robots\" content=\"index, follow, max-snippet:-1, max-image-preview:large, max-video-preview:-1\" \/>\n<link rel=\"canonical\" href=\"https:\/\/www.brezadeveloper.sk\/en\/nas-tim\/\" \/>\n<meta property=\"og:locale\" content=\"en_GB\" \/>\n<meta property=\"og:type\" content=\"article\" \/>\n<meta property=\"og:title\" content=\"N\u00e1\u0161 t\u00edm | BrezaDeveloper\" \/>\n<meta property=\"og:description\" content=\"N\u00e1\u0161 t\u00edm Spolo\u010dne vytv\u00e1rame v\u00e1\u0161 vysn\u00edvan\u00fd domov Miloslav Balla Gener\u00e1lny riadite\u013e Kl\u00e1ra Ballov\u00e1 Finan\u010dn\u00fd poradca Irina Cepkov\u00e1 Koordin\u00e1tor pr\u00edpravy Martina Ballov\u00e1 Realitn\u00fd makl\u00e9r Mari\u00e1n Cepka Geodet\" \/>\n<meta property=\"og:url\" content=\"https:\/\/www.brezadeveloper.sk\/en\/nas-tim\/\" \/>\n<meta property=\"og:site_name\" content=\"BrezaDeveloper\" \/>\n<meta property=\"article:publisher\" content=\"https:\/\/www.facebook.com\/brezadeveloper\" \/>\n<meta property=\"article:modified_time\" content=\"2025-01-29T13:59:57+00:00\" \/>\n<meta property=\"og:image\" content=\"https:\/\/www.brezadeveloper.sk\/wp-content\/uploads\/2024\/02\/Miloslav-Balla.webp\" \/>\n\t<meta property=\"og:image:width\" content=\"808\" \/>\n\t<meta property=\"og:image:height\" content=\"1212\" \/>\n\t<meta property=\"og:image:type\" content=\"image\/webp\" \/>\n<meta name=\"twitter:card\" content=\"summary_large_image\" \/>\n<meta name=\"twitter:label1\" content=\"Estimated reading time\" \/>\n\t<meta name=\"twitter:data1\" content=\"2 minutes\" \/>\n<script type=\"application\/ld+json\" class=\"yoast-schema-graph\">{\"@context\":\"https:\/\/schema.org\",\"@graph\":[{\"@type\":\"WebPage\",\"@id\":\"https:\/\/www.brezadeveloper.sk\/nas-tim\/\",\"url\":\"https:\/\/www.brezadeveloper.sk\/nas-tim\/\",\"name\":\"N\u00e1\u0161 t\u00edm | BrezaDeveloper\",\"isPartOf\":{\"@id\":\"https:\/\/www.brezadeveloper.sk\/#website\"},\"primaryImageOfPage\":{\"@id\":\"https:\/\/www.brezadeveloper.sk\/nas-tim\/#primaryimage\"},\"image\":{\"@id\":\"https:\/\/www.brezadeveloper.sk\/nas-tim\/#primaryimage\"},\"thumbnailUrl\":\"https:\/\/www.brezadeveloper.sk\/wp-content\/uploads\/2024\/02\/Miloslav-Balla.webp\",\"datePublished\":\"2025-01-22T17:52:20+00:00\",\"dateModified\":\"2025-01-29T13:59:57+00:00\",\"breadcrumb\":{\"@id\":\"https:\/\/www.brezadeveloper.sk\/nas-tim\/#breadcrumb\"},\"inLanguage\":\"en-GB\",\"potentialAction\":[{\"@type\":\"ReadAction\",\"target\":[\"https:\/\/www.brezadeveloper.sk\/nas-tim\/\"]}]},{\"@type\":\"ImageObject\",\"inLanguage\":\"en-GB\",\"@id\":\"https:\/\/www.brezadeveloper.sk\/nas-tim\/#primaryimage\",\"url\":\"https:\/\/www.brezadeveloper.sk\/wp-content\/uploads\/2024\/02\/Miloslav-Balla.webp\",\"contentUrl\":\"https:\/\/www.brezadeveloper.sk\/wp-content\/uploads\/2024\/02\/Miloslav-Balla.webp\",\"width\":808,\"height\":1212},{\"@type\":\"BreadcrumbList\",\"@id\":\"https:\/\/www.brezadeveloper.sk\/nas-tim\/#breadcrumb\",\"itemListElement\":[{\"@type\":\"ListItem\",\"position\":1,\"name\":\"Domovsk\u00e1 str\u00e1nka\",\"item\":\"https:\/\/www.brezadeveloper.sk\/\"},{\"@type\":\"ListItem\",\"position\":2,\"name\":\"N\u00e1\u0161 t\u00edm\"}]},{\"@type\":\"WebSite\",\"@id\":\"https:\/\/www.brezadeveloper.sk\/#website\",\"url\":\"https:\/\/www.brezadeveloper.sk\/\",\"name\":\"BREZADEVELOPER\",\"description\":\"\",\"publisher\":{\"@id\":\"https:\/\/www.brezadeveloper.sk\/#organization\"},\"potentialAction\":[{\"@type\":\"SearchAction\",\"target\":{\"@type\":\"EntryPoint\",\"urlTemplate\":\"https:\/\/www.brezadeveloper.sk\/?s={search_term_string}\"},\"query-input\":{\"@type\":\"PropertyValueSpecification\",\"valueRequired\":true,\"valueName\":\"search_term_string\"}}],\"inLanguage\":\"en-GB\"},{\"@type\":\"Organization\",\"@id\":\"https:\/\/www.brezadeveloper.sk\/#organization\",\"name\":\"BREZADEVELOPER\",\"url\":\"https:\/\/www.brezadeveloper.sk\/\",\"logo\":{\"@type\":\"ImageObject\",\"inLanguage\":\"en-GB\",\"@id\":\"https:\/\/www.brezadeveloper.sk\/#\/schema\/logo\/image\/\",\"url\":\"https:\/\/www.brezadeveloper.sk\/wp-content\/uploads\/2022\/11\/logo-breza-cienre.webp\",\"contentUrl\":\"https:\/\/www.brezadeveloper.sk\/wp-content\/uploads\/2022\/11\/logo-breza-cienre.webp\",\"width\":1644,\"height\":558,\"caption\":\"BREZADEVELOPER\"},\"image\":{\"@id\":\"https:\/\/www.brezadeveloper.sk\/#\/schema\/logo\/image\/\"},\"sameAs\":[\"https:\/\/www.facebook.com\/brezadeveloper\",\"https:\/\/www.instagram.com\/brezadeveloper\/\"]}]}<\/script>\n<!-- \/ Yoast SEO plugin. -->","yoast_head_json":{"title":"N\u00e1\u0161 t\u00edm | BrezaDeveloper","robots":{"index":"index","follow":"follow","max-snippet":"max-snippet:-1","max-image-preview":"max-image-preview:large","max-video-preview":"max-video-preview:-1"},"canonical":"https:\/\/www.brezadeveloper.sk\/en\/nas-tim\/","og_locale":"en_GB","og_type":"article","og_title":"N\u00e1\u0161 t\u00edm | BrezaDeveloper","og_description":"N\u00e1\u0161 t\u00edm Spolo\u010dne vytv\u00e1rame v\u00e1\u0161 vysn\u00edvan\u00fd domov Miloslav Balla Gener\u00e1lny riadite\u013e Kl\u00e1ra Ballov\u00e1 Finan\u010dn\u00fd poradca Irina Cepkov\u00e1 Koordin\u00e1tor pr\u00edpravy Martina Ballov\u00e1 Realitn\u00fd makl\u00e9r Mari\u00e1n Cepka Geodet","og_url":"https:\/\/www.brezadeveloper.sk\/en\/nas-tim\/","og_site_name":"BrezaDeveloper","article_publisher":"https:\/\/www.facebook.com\/brezadeveloper","article_modified_time":"2025-01-29T13:59:57+00:00","og_image":[{"width":808,"height":1212,"url":"https:\/\/www.brezadeveloper.sk\/wp-content\/uploads\/2024\/02\/Miloslav-Balla.webp","type":"image\/webp"}],"twitter_card":"summary_large_image","twitter_misc":{"Estimated reading time":"2 minutes"},"schema":{"@context":"https:\/\/schema.org","@graph":[{"@type":"WebPage","@id":"https:\/\/www.brezadeveloper.sk\/nas-tim\/","url":"https:\/\/www.brezadeveloper.sk\/nas-tim\/","name":"N\u00e1\u0161 t\u00edm | BrezaDeveloper","isPartOf":{"@id":"https:\/\/www.brezadeveloper.sk\/#website"},"primaryImageOfPage":{"@id":"https:\/\/www.brezadeveloper.sk\/nas-tim\/#primaryimage"},"image":{"@id":"https:\/\/www.brezadeveloper.sk\/nas-tim\/#primaryimage"},"thumbnailUrl":"https:\/\/www.brezadeveloper.sk\/wp-content\/uploads\/2024\/02\/Miloslav-Balla.webp","datePublished":"2025-01-22T17:52:20+00:00","dateModified":"2025-01-29T13:59:57+00:00","breadcrumb":{"@id":"https:\/\/www.brezadeveloper.sk\/nas-tim\/#breadcrumb"},"inLanguage":"en-GB","potentialAction":[{"@type":"ReadAction","target":["https:\/\/www.brezadeveloper.sk\/nas-tim\/"]}]},{"@type":"ImageObject","inLanguage":"en-GB","@id":"https:\/\/www.brezadeveloper.sk\/nas-tim\/#primaryimage","url":"https:\/\/www.brezadeveloper.sk\/wp-content\/uploads\/2024\/02\/Miloslav-Balla.webp","contentUrl":"https:\/\/www.brezadeveloper.sk\/wp-content\/uploads\/2024\/02\/Miloslav-Balla.webp","width":808,"height":1212},{"@type":"BreadcrumbList","@id":"https:\/\/www.brezadeveloper.sk\/nas-tim\/#breadcrumb","itemListElement":[{"@type":"ListItem","position":1,"name":"Domovsk\u00e1 str\u00e1nka","item":"https:\/\/www.brezadeveloper.sk\/"},{"@type":"ListItem","position":2,"name":"N\u00e1\u0161 t\u00edm"}]},{"@type":"WebSite","@id":"https:\/\/www.brezadeveloper.sk\/#website","url":"https:\/\/www.brezadeveloper.sk\/","name":"BREZADEVELOPER","description":"","publisher":{"@id":"https:\/\/www.brezadeveloper.sk\/#organization"},"potentialAction":[{"@type":"SearchAction","target":{"@type":"EntryPoint","urlTemplate":"https:\/\/www.brezadeveloper.sk\/?s={search_term_string}"},"query-input":{"@type":"PropertyValueSpecification","valueRequired":true,"valueName":"search_term_string"}}],"inLanguage":"en-GB"},{"@type":"Organization","@id":"https:\/\/www.brezadeveloper.sk\/#organization","name":"BREZADEVELOPER","url":"https:\/\/www.brezadeveloper.sk\/","logo":{"@type":"ImageObject","inLanguage":"en-GB","@id":"https:\/\/www.brezadeveloper.sk\/#\/schema\/logo\/image\/","url":"https:\/\/www.brezadeveloper.sk\/wp-content\/uploads\/2022\/11\/logo-breza-cienre.webp","contentUrl":"https:\/\/www.brezadeveloper.sk\/wp-content\/uploads\/2022\/11\/logo-breza-cienre.webp","width":1644,"height":558,"caption":"BREZADEVELOPER"},"image":{"@id":"https:\/\/www.brezadeveloper.sk\/#\/schema\/logo\/image\/"},"sameAs":["https:\/\/www.facebook.com\/brezadeveloper","https:\/\/www.instagram.com\/brezadeveloper\/"]}]}},"_links":{"self":[{"href":"https:\/\/www.brezadeveloper.sk\/en\/wp-json\/wp\/v2\/pages\/2199","targetHints":{"allow":["GET"]}}],"collection":[{"href":"https:\/\/www.brezadeveloper.sk\/en\/wp-json\/wp\/v2\/pages"}],"about":[{"href":"https:\/\/www.brezadeveloper.sk\/en\/wp-json\/wp\/v2\/types\/page"}],"author":[{"embeddable":true,"href":"https:\/\/www.brezadeveloper.sk\/en\/wp-json\/wp\/v2\/users\/1"}],"replies":[{"embeddable":true,"href":"https:\/\/www.brezadeveloper.sk\/en\/wp-json\/wp\/v2\/comments?post=2199"}],"version-history":[{"count":69,"href":"https:\/\/www.brezadeveloper.sk\/en\/wp-json\/wp\/v2\/pages\/2199\/revisions"}],"predecessor-version":[{"id":3312,"href":"https:\/\/www.brezadeveloper.sk\/en\/wp-json\/wp\/v2\/pages\/2199\/revisions\/3312"}],"wp:featuredmedia":[{"embeddable":true,"href":"https:\/\/www.brezadeveloper.sk\/en\/wp-json\/wp\/v2\/media\/1299"}],"wp:attachment":[{"href":"https:\/\/www.brezadeveloper.sk\/en\/wp-json\/wp\/v2\/media?parent=2199"}],"curies":[{"name":"wp","href":"https:\/\/api.w.org\/{rel}","templated":true}]}}