{"id":2831,"date":"2025-01-28T18:25:26","date_gmt":"2025-01-28T17:25:26","guid":{"rendered":"https:\/\/www.brezadeveloper.sk\/?page_id=2831"},"modified":"2025-01-30T12:24:07","modified_gmt":"2025-01-30T11:24:07","slug":"kontakt","status":"publish","type":"page","link":"https:\/\/www.brezadeveloper.sk\/en\/kontakt\/","title":{"rendered":"Contact"},"content":{"rendered":"<div data-elementor-type=\"wp-page\" data-elementor-id=\"2831\" class=\"elementor elementor-2831\" data-elementor-post-type=\"page\">\n\t\t\t\t<div class=\"elementor-element elementor-element-737e9ecb e-flex e-con-boxed e-con e-parent\" data-id=\"737e9ecb\" data-element_type=\"container\" data-settings=\"{&quot;background_background&quot;:&quot;classic&quot;}\">\n\t\t\t\t\t<div class=\"e-con-inner\">\n\t\t<div class=\"elementor-element elementor-element-5a13fdc e-con-full e-flex e-con e-child\" data-id=\"5a13fdc\" data-element_type=\"container\">\n\t\t\t\t<div class=\"elementor-element elementor-element-9edb8fa elementor-widget elementor-widget-shortcode\" data-id=\"9edb8fa\" data-element_type=\"widget\" data-widget_type=\"shortcode.default\">\n\t\t\t\t<div class=\"elementor-widget-container\">\n\t\t\t\t\t\t\t<div class=\"elementor-shortcode\"><div class=\"forminator-ui forminator-custom-form forminator-custom-form-2172 forminator-design--default forminator-custom forminator_ajax\" data-forminator-render=\"0\" data-form=\"forminator-module-2172\" data-uid=\"69eccb7676240\"><br\/><\/div><form\n\t\t\t\tid=\"forminator-module-2172\"\n\t\t\t\tclass=\"forminator-ui forminator-custom-form forminator-custom-form-2172 forminator-design--default forminator-custom forminator_ajax\"\n\t\t\t\tmethod=\"post\"\n\t\t\t\tdata-forminator-render=\"0\"\n\t\t\t\tdata-form-id=\"2172\"\n\t\t\t\t data-color-option=\"theme\" data-design=\"default\" data-grid=\"custom\" style=\"display: none;\"\n\t\t\t\tdata-uid=\"69eccb7676240\" action=\"\"\n\t\t\t><div role=\"alert\" aria-live=\"polite\" class=\"forminator-response-message forminator-error\" aria-hidden=\"true\"><\/div><div class=\"forminator-row\"><div id=\"name-1\" class=\"forminator-field-name forminator-col forminator-col-12\"><div class=\"forminator-field\"><input type=\"text\" name=\"name-1\" value=\"\" placeholder=\"Full name\" id=\"forminator-field-name-1_69eccb7676240\" class=\"forminator-input forminator-name--field\" aria-required=\"true\" autocomplete=\"name\" \/><\/div><\/div><\/div><div class=\"forminator-row\"><div id=\"email-1\" class=\"forminator-field-email forminator-col forminator-col-12\"><div class=\"forminator-field\"><input type=\"email\" name=\"email-1\" value=\"\" placeholder=\"E-mail\" id=\"forminator-field-email-1_69eccb7676240\" class=\"forminator-input forminator-email--field\" data-required=\"true\" aria-required=\"true\" autocomplete=\"email\" \/><\/div><\/div><\/div><div class=\"forminator-row\"><div id=\"phone-1\" class=\"forminator-field-phone forminator-col forminator-col-12\"><div class=\"forminator-field\"><input type=\"text\" name=\"phone-1\" value=\"\" placeholder=\"Phone number\" id=\"forminator-field-phone-1_69eccb7676240\" class=\"forminator-input forminator-field--phone\" data-required=\"1\" aria-required=\"true\" autocomplete=\"off\" \/><\/div><\/div><\/div><div class=\"forminator-row\"><div id=\"textarea-1\" class=\"forminator-field-textarea forminator-col forminator-col-12\"><div class=\"forminator-field\"><textarea name=\"textarea-1\" placeholder=\"Message\" id=\"forminator-field-textarea-1_69eccb7676240\" class=\"forminator-textarea\" rows=\"6\" style=\"min-height:140px;\" maxlength=\"180\" ><\/textarea><span id=\"forminator-field-textarea-1_69eccb7676240-description\" class=\"forminator-description\"><span data-limit=\"180\" data-type=\"characters\" data-editor=\"\">0 \/ 180<\/span><\/span><\/div><\/div><\/div><div class=\"forminator-row\"><div id=\"captcha-1\" class=\"forminator-field-captcha forminator-col forminator-col-12\"><div class=\"forminator-captcha-left forminator-g-recaptcha recaptcha-invisible\" data-theme=\"light\" data-badge=\"inline\" data-sitekey=\"6LcNuCUrAAAAAP2UqaCpdo-fA-4LZLM34FiuNaPG\" data-size=\"invisible\"><\/div> <\/div><\/div><input type=\"hidden\" name=\"referer_url\" value=\"\" \/><div class=\"forminator-row forminator-row-last\"><div class=\"forminator-col\"><div class=\"forminator-field\"><button class=\"forminator-button forminator-button-submit\">Submit<\/button><\/div><\/div><\/div><input type=\"hidden\" id=\"forminator_nonce\" name=\"forminator_nonce\" value=\"3e7c4d67b3\" \/><input type=\"hidden\" name=\"_wp_http_referer\" value=\"\/en\/wp-json\/wp\/v2\/pages\/2831\" \/><input type=\"hidden\" name=\"form_id\" value=\"2172\"><input type=\"hidden\" name=\"page_id\" value=\"2831\"><input type=\"hidden\" name=\"form_type\" value=\"default\"><input type=\"hidden\" name=\"current_url\" value=\"https:\/\/www.brezadeveloper.sk\/en\/kontakt\/\"><input type=\"hidden\" name=\"render_id\" value=\"0\"><input type=\"hidden\" name=\"action\" value=\"forminator_submit_form_custom-forms\"><input type=\"hidden\" name=\"trp-form-language\" value=\"en\"\/><\/form><\/div>\n\t\t\t\t\t\t<\/div>\n\t\t\t\t<\/div>\n\t\t\t\t<\/div>\n\t\t<div class=\"elementor-element elementor-element-6bf5c399 e-con-full e-flex e-con e-child\" data-id=\"6bf5c399\" data-element_type=\"container\">\n\t\t<div class=\"elementor-element elementor-element-211c30e9 e-con-full e-flex e-con e-child\" data-id=\"211c30e9\" data-element_type=\"container\">\n\t\t<div class=\"elementor-element elementor-element-43897150 e-con-full e-flex e-con e-child\" data-id=\"43897150\" data-element_type=\"container\" data-settings=\"{&quot;background_background&quot;:&quot;classic&quot;}\">\n\t\t\t\t<div class=\"elementor-element elementor-element-124c3b23 elementor-view-default elementor-widget elementor-widget-icon\" data-id=\"124c3b23\" data-element_type=\"widget\" data-widget_type=\"icon.default\">\n\t\t\t\t<div class=\"elementor-widget-container\">\n\t\t\t\t\t\t\t<div class=\"elementor-icon-wrapper\">\n\t\t\t<div class=\"elementor-icon\">\n\t\t\t<i aria-hidden=\"true\" class=\"fas fa-square-full\"><\/i>\t\t\t<\/div>\n\t\t<\/div>\n\t\t\t\t\t\t<\/div>\n\t\t\t\t<\/div>\n\t\t\t\t<div class=\"elementor-element elementor-element-427ce29c elementor-widget elementor-widget-heading\" data-id=\"427ce29c\" data-element_type=\"widget\" data-widget_type=\"heading.default\">\n\t\t\t\t<div class=\"elementor-widget-container\">\n\t\t\t\t\t<h3 class=\"elementor-heading-title elementor-size-default\">Contact<\/h3>\t\t\t\t<\/div>\n\t\t\t\t<\/div>\n\t\t\t\t<\/div>\n\t\t\t\t<div class=\"elementor-element elementor-element-646f14fd elementor-widget elementor-widget-heading\" data-id=\"646f14fd\" data-element_type=\"widget\" data-widget_type=\"heading.default\">\n\t\t\t\t<div class=\"elementor-widget-container\">\n\t\t\t\t\t<h2 class=\"elementor-heading-title elementor-size-default translation-block\">Come and see <br> your future home<\/h2>\t\t\t\t<\/div>\n\t\t\t\t<\/div>\n\t\t\t\t<\/div>\n\t\t\t\t<\/div>\n\t\t\t\t\t<\/div>\n\t\t\t\t<\/div>\n\t\t<div class=\"elementor-element elementor-element-6934c4b e-flex e-con-boxed e-con e-parent\" data-id=\"6934c4b\" data-element_type=\"container\">\n\t\t\t\t\t<div class=\"e-con-inner\">\n\t\t\t\t<div class=\"elementor-element elementor-element-402db06a elementor-position-inline-start elementor-mobile-position-inline-start elementor-widget__width-initial elementor-view-default elementor-widget elementor-widget-icon-box\" data-id=\"402db06a\" data-element_type=\"widget\" data-widget_type=\"icon-box.default\">\n\t\t\t\t<div class=\"elementor-widget-container\">\n\t\t\t\t\t\t\t<div class=\"elementor-icon-box-wrapper\">\n\n\t\t\t\t\t\t<div class=\"elementor-icon-box-icon\">\n\t\t\t\t<a href=\"tel:+421907278242\" class=\"elementor-icon\" tabindex=\"-1\" aria-label=\"Phone number\">\n\t\t\t\t<svg xmlns=\"http:\/\/www.w3.org\/2000\/svg\" width=\"41\" height=\"41\" viewbox=\"0 0 41 41\" fill=\"none\"><rect width=\"40.5\" height=\"40.5\" fill=\"#FAF6F0\"><\/rect><path d=\"M18.75 9.75H16.5C15.9033 9.75 15.331 9.98705 14.909 10.409C14.4871 10.831 14.25 11.4033 14.25 12V28.5C14.25 29.0967 14.4871 29.669 14.909 30.091C15.331 30.5129 15.9033 30.75 16.5 30.75H24C24.5967 30.75 25.169 30.5129 25.591 30.091C26.0129 29.669 26.25 29.0967 26.25 28.5V12C26.25 11.4033 26.0129 10.831 25.591 10.409C25.169 9.98705 24.5967 9.75 24 9.75H21.75M18.75 9.75V11.25H21.75V9.75M18.75 9.75H21.75M18.75 28.5H21.75\" stroke=\"#C5A05E\" stroke-width=\"1.5\" stroke-linecap=\"round\" stroke-linejoin=\"round\"><\/path><\/svg>\t\t\t\t<\/a>\n\t\t\t<\/div>\n\t\t\t\n\t\t\t\t\t\t<div class=\"elementor-icon-box-content\">\n\n\t\t\t\t\t\t\t\t\t<h3 class=\"elementor-icon-box-title\">\n\t\t\t\t\t\t<a href=\"tel:+421907278242\" >\n\t\t\t\t\t\t\tPhone number\t\t\t\t\t\t<\/a>\n\t\t\t\t\t<\/h3>\n\t\t\t\t\n\t\t\t\t\t\t\t\t\t<p class=\"elementor-icon-box-description\">\n\t\t\t\t\t\t<a href=\"tel:+421907278242\">+421 907 278 242<\/a>\n\t\t\t\t\t<\/p>\n\t\t\t\t\n\t\t\t<\/div>\n\t\t\t\n\t\t<\/div>\n\t\t\t\t\t\t<\/div>\n\t\t\t\t<\/div>\n\t\t\t\t<div class=\"elementor-element elementor-element-6d601e8d elementor-position-inline-start elementor-mobile-position-inline-start elementor-widget__width-initial elementor-view-default elementor-widget elementor-widget-icon-box\" data-id=\"6d601e8d\" data-element_type=\"widget\" data-widget_type=\"icon-box.default\">\n\t\t\t\t<div class=\"elementor-widget-container\">\n\t\t\t\t\t\t\t<div class=\"elementor-icon-box-wrapper\">\n\n\t\t\t\t\t\t<div class=\"elementor-icon-box-icon\">\n\t\t\t\t<a href=\"mailto:info@brezadeveloper.sk\" class=\"elementor-icon\" tabindex=\"-1\" aria-label=\"E-mail\">\n\t\t\t\t<svg xmlns=\"http:\/\/www.w3.org\/2000\/svg\" width=\"41\" height=\"41\" viewbox=\"0 0 41 41\" fill=\"none\"><rect width=\"40.5\" height=\"40.5\" fill=\"#FAF6F0\"><\/rect><path d=\"M24.75 20.2499C24.75 21.4434 24.2759 22.588 23.432 23.4319C22.5881 24.2758 21.4435 24.7499 20.25 24.7499C19.0565 24.7499 17.9119 24.2758 17.068 23.4319C16.2241 22.588 15.75 21.4434 15.75 20.2499C15.75 19.0565 16.2241 17.9119 17.068 17.068C17.9119 16.224 19.0565 15.7499 20.25 15.7499C21.4435 15.7499 22.5881 16.224 23.432 17.068C24.2759 17.9119 24.75 19.0565 24.75 20.2499ZM24.75 20.2499C24.75 21.9069 25.757 23.2499 27 23.2499C28.243 23.2499 29.25 21.9069 29.25 20.2499C29.25 18.1677 28.528 16.15 27.207 14.5404C25.8861 12.9309 24.0479 11.8291 22.0057 11.4229C19.9636 11.0167 17.8437 11.3312 16.0074 12.3128C14.171 13.2943 12.7319 14.8822 11.9351 16.8059C11.1383 18.7296 11.0331 20.8701 11.6376 22.8626C12.242 24.8552 13.5186 26.5765 15.2499 27.7333C16.9812 28.8901 19.06 29.4108 21.1322 29.2067C23.2044 29.0026 25.1417 28.0863 26.614 26.6139M24.75 20.2499V16.4999\" stroke=\"#C5A05E\" stroke-width=\"1.5\" stroke-linecap=\"round\" stroke-linejoin=\"round\"><\/path><\/svg>\t\t\t\t<\/a>\n\t\t\t<\/div>\n\t\t\t\n\t\t\t\t\t\t<div class=\"elementor-icon-box-content\">\n\n\t\t\t\t\t\t\t\t\t<h3 class=\"elementor-icon-box-title\">\n\t\t\t\t\t\t<a href=\"mailto:info@brezadeveloper.sk\" >\n\t\t\t\t\t\t\tE-mail\t\t\t\t\t\t<\/a>\n\t\t\t\t\t<\/h3>\n\t\t\t\t\n\t\t\t\t\t\t\t\t\t<p class=\"elementor-icon-box-description\">\n\t\t\t\t\t\t<a href=\"mailto:info@brezadeveloper.sk\">info@brezadeveloper.sk<\/a>\n\t\t\t\t\t<\/p>\n\t\t\t\t\n\t\t\t<\/div>\n\t\t\t\n\t\t<\/div>\n\t\t\t\t\t\t<\/div>\n\t\t\t\t<\/div>\n\t\t\t\t<div class=\"elementor-element elementor-element-67e13bed elementor-position-inline-start elementor-mobile-position-inline-start elementor-widget__width-initial elementor-view-default elementor-widget elementor-widget-icon-box\" data-id=\"67e13bed\" data-element_type=\"widget\" data-widget_type=\"icon-box.default\">\n\t\t\t\t<div class=\"elementor-widget-container\">\n\t\t\t\t\t\t\t<div class=\"elementor-icon-box-wrapper\">\n\n\t\t\t\t\t\t<div class=\"elementor-icon-box-icon\">\n\t\t\t\t<span  class=\"elementor-icon\">\n\t\t\t\t<svg xmlns=\"http:\/\/www.w3.org\/2000\/svg\" id=\"uuid-011ffea2-969c-42d3-8217-57ffe51dcd47\" data-name=\"Layer 2\" viewbox=\"0 0 40.5 40.5\"><g id=\"uuid-50e8d284-ea9c-46da-82bf-b15343b26293\" data-name=\"Layer 1\"><rect width=\"40.5\" height=\"40.5\" fill=\"#faf6f0\"><\/rect><path d=\"M23.25,18.75c0,.8-.32,1.56-.88,2.12-.56.56-1.33.88-2.12.88s-1.56-.32-2.12-.88c-.56-.56-.88-1.33-.88-2.12s.32-1.56.88-2.12c.56-.56,1.33-.88,2.12-.88s1.56.32,2.12.88c.56.56.88,1.33.88,2.12Z\" fill=\"none\" stroke=\"#c5a05e\" stroke-linecap=\"round\" stroke-linejoin=\"round\" stroke-width=\"1.5\"><\/path><path d=\"M27.75,18.75c0,7.14-7.5,11.25-7.5,11.25,0,0-7.5-4.11-7.5-11.25,0-1.99.79-3.9,2.2-5.3,1.41-1.41,3.31-2.2,5.3-2.2s3.9.79,5.3,2.2c1.41,1.41,2.2,3.31,2.2,5.3Z\" fill=\"none\" stroke=\"#c5a05e\" stroke-linecap=\"round\" stroke-linejoin=\"round\" stroke-width=\"1.5\"><\/path><\/g><\/svg>\t\t\t\t<\/span>\n\t\t\t<\/div>\n\t\t\t\n\t\t\t\t\t\t<div class=\"elementor-icon-box-content\">\n\n\t\t\t\t\t\t\t\t\t<h3 class=\"elementor-icon-box-title\">\n\t\t\t\t\t\t<span  >\n\t\t\t\t\t\t\tOffice\t\t\t\t\t\t<\/span>\n\t\t\t\t\t<\/h3>\n\t\t\t\t\n\t\t\t\t\t\t\t\t\t<p class=\"elementor-icon-box-description\">\n\t\t\t\t\t\tHalen\u00e1rska 17, \nTrnava 971 01\t\t\t\t\t<\/p>\n\t\t\t\t\n\t\t\t<\/div>\n\t\t\t\n\t\t<\/div>\n\t\t\t\t\t\t<\/div>\n\t\t\t\t<\/div>\n\t\t\t\t\t<\/div>\n\t\t\t\t<\/div>\n\t\t<div class=\"elementor-element elementor-element-adc88be e-flex e-con-boxed e-con e-parent\" data-id=\"adc88be\" data-element_type=\"container\">\n\t\t\t\t\t<div class=\"e-con-inner\">\n\t\t\t\t<div class=\"elementor-element elementor-element-74e6348 elementor-widget elementor-widget-google_maps\" data-id=\"74e6348\" data-element_type=\"widget\" data-widget_type=\"google_maps.default\">\n\t\t\t\t<div class=\"elementor-widget-container\">\n\t\t\t\t\t\t\t<div class=\"elementor-custom-embed\">\n\t\t\t<iframe loading=\"lazy\"\n\t\t\t\t\tsrc=\"https:\/\/maps.google.com\/maps?q=Halen%C3%A1rska%2017%2C%20%20Trnava%20971%2001&#038;t=m&#038;z=14&#038;output=embed&#038;iwloc=near\"\n\t\t\t\t\ttitle=\"Halen\u00e1rska 17,  Trnava 971 01\"\n\t\t\t\t\taria-label=\"Halen\u00e1rska 17,  Trnava 971 01\"\n\t\t\t><\/iframe>\n\t\t<\/div>\n\t\t\t\t\t\t<\/div>\n\t\t\t\t<\/div>\n\t\t\t\t\t<\/div>\n\t\t\t\t<\/div>\n\t\t<div class=\"elementor-element elementor-element-3076064 e-flex e-con-boxed e-con e-parent\" data-id=\"3076064\" data-element_type=\"container\">\n\t\t\t\t\t<div class=\"e-con-inner\">\n\t\t\t\t<div class=\"elementor-element elementor-element-1a485585 elementor-widget elementor-widget-menu-anchor\" data-id=\"1a485585\" data-element_type=\"widget\" data-widget_type=\"menu-anchor.default\">\n\t\t\t\t<div class=\"elementor-widget-container\">\n\t\t\t\t\t\t\t<div class=\"elementor-menu-anchor\" id=\"contact\"><\/div>\n\t\t\t\t\t\t<\/div>\n\t\t\t\t<\/div>\n\t\t\t\t\t<\/div>\n\t\t\t\t<\/div>\n\t\t\t\t<\/div>","protected":false},"excerpt":{"rendered":"<p>Kontakt Pr\u00ed\u010fte si pozrie\u0165 svoj bud\u00faci domov Telef\u00f3nne \u010d\u00edslo +421 907 278 242 E-mail info@brezadeveloper.sk Kancel\u00e1ria: Halen\u00e1rska 17, Trnava 971 01<\/p>","protected":false},"author":1,"featured_media":0,"parent":0,"menu_order":0,"comment_status":"closed","ping_status":"closed","template":"","meta":{"_acf_changed":false,"footnotes":""},"class_list":["post-2831","page","type-page","status-publish","hentry"],"acf":[],"yoast_head":"<!-- This site is optimized with the Yoast SEO plugin v26.8 - https:\/\/yoast.com\/product\/yoast-seo-wordpress\/ -->\n<title>Kontakt | BrezaDeveloper<\/title>\n<meta name=\"robots\" content=\"index, follow, max-snippet:-1, max-image-preview:large, max-video-preview:-1\" \/>\n<link rel=\"canonical\" href=\"https:\/\/www.brezadeveloper.sk\/en\/kontakt\/\" \/>\n<meta property=\"og:locale\" content=\"en_GB\" \/>\n<meta property=\"og:type\" content=\"article\" \/>\n<meta property=\"og:title\" content=\"Kontakt | BrezaDeveloper\" \/>\n<meta property=\"og:description\" content=\"Kontakt Pr\u00ed\u010fte si pozrie\u0165 svoj bud\u00faci domov Telef\u00f3nne \u010d\u00edslo +421 907 278 242 E-mail info@brezadeveloper.sk Kancel\u00e1ria: Halen\u00e1rska 17, Trnava 971 01\" \/>\n<meta property=\"og:url\" content=\"https:\/\/www.brezadeveloper.sk\/en\/kontakt\/\" \/>\n<meta property=\"og:site_name\" content=\"BrezaDeveloper\" \/>\n<meta property=\"article:publisher\" content=\"https:\/\/www.facebook.com\/brezadeveloper\" \/>\n<meta property=\"article:modified_time\" content=\"2025-01-30T11:24:07+00:00\" \/>\n<meta name=\"twitter:card\" content=\"summary_large_image\" \/>\n<meta name=\"twitter:label1\" content=\"Estimated reading time\" \/>\n\t<meta name=\"twitter:data1\" content=\"1 minute\" \/>\n<script type=\"application\/ld+json\" class=\"yoast-schema-graph\">{\"@context\":\"https:\/\/schema.org\",\"@graph\":[{\"@type\":\"WebPage\",\"@id\":\"https:\/\/www.brezadeveloper.sk\/kontakt\/\",\"url\":\"https:\/\/www.brezadeveloper.sk\/kontakt\/\",\"name\":\"Kontakt | BrezaDeveloper\",\"isPartOf\":{\"@id\":\"https:\/\/www.brezadeveloper.sk\/#website\"},\"datePublished\":\"2025-01-28T17:25:26+00:00\",\"dateModified\":\"2025-01-30T11:24:07+00:00\",\"breadcrumb\":{\"@id\":\"https:\/\/www.brezadeveloper.sk\/kontakt\/#breadcrumb\"},\"inLanguage\":\"en-GB\",\"potentialAction\":[{\"@type\":\"ReadAction\",\"target\":[\"https:\/\/www.brezadeveloper.sk\/kontakt\/\"]}]},{\"@type\":\"BreadcrumbList\",\"@id\":\"https:\/\/www.brezadeveloper.sk\/kontakt\/#breadcrumb\",\"itemListElement\":[{\"@type\":\"ListItem\",\"position\":1,\"name\":\"Domovsk\u00e1 str\u00e1nka\",\"item\":\"https:\/\/www.brezadeveloper.sk\/\"},{\"@type\":\"ListItem\",\"position\":2,\"name\":\"Kontakt\"}]},{\"@type\":\"WebSite\",\"@id\":\"https:\/\/www.brezadeveloper.sk\/#website\",\"url\":\"https:\/\/www.brezadeveloper.sk\/\",\"name\":\"BREZADEVELOPER\",\"description\":\"\",\"publisher\":{\"@id\":\"https:\/\/www.brezadeveloper.sk\/#organization\"},\"potentialAction\":[{\"@type\":\"SearchAction\",\"target\":{\"@type\":\"EntryPoint\",\"urlTemplate\":\"https:\/\/www.brezadeveloper.sk\/?s={search_term_string}\"},\"query-input\":{\"@type\":\"PropertyValueSpecification\",\"valueRequired\":true,\"valueName\":\"search_term_string\"}}],\"inLanguage\":\"en-GB\"},{\"@type\":\"Organization\",\"@id\":\"https:\/\/www.brezadeveloper.sk\/#organization\",\"name\":\"BREZADEVELOPER\",\"url\":\"https:\/\/www.brezadeveloper.sk\/\",\"logo\":{\"@type\":\"ImageObject\",\"inLanguage\":\"en-GB\",\"@id\":\"https:\/\/www.brezadeveloper.sk\/#\/schema\/logo\/image\/\",\"url\":\"https:\/\/www.brezadeveloper.sk\/wp-content\/uploads\/2022\/11\/logo-breza-cienre.webp\",\"contentUrl\":\"https:\/\/www.brezadeveloper.sk\/wp-content\/uploads\/2022\/11\/logo-breza-cienre.webp\",\"width\":1644,\"height\":558,\"caption\":\"BREZADEVELOPER\"},\"image\":{\"@id\":\"https:\/\/www.brezadeveloper.sk\/#\/schema\/logo\/image\/\"},\"sameAs\":[\"https:\/\/www.facebook.com\/brezadeveloper\",\"https:\/\/www.instagram.com\/brezadeveloper\/\"]}]}<\/script>\n<!-- \/ Yoast SEO plugin. -->","yoast_head_json":{"title":"Kontakt | BrezaDeveloper","robots":{"index":"index","follow":"follow","max-snippet":"max-snippet:-1","max-image-preview":"max-image-preview:large","max-video-preview":"max-video-preview:-1"},"canonical":"https:\/\/www.brezadeveloper.sk\/en\/kontakt\/","og_locale":"en_GB","og_type":"article","og_title":"Kontakt | BrezaDeveloper","og_description":"Kontakt Pr\u00ed\u010fte si pozrie\u0165 svoj bud\u00faci domov Telef\u00f3nne \u010d\u00edslo +421 907 278 242 E-mail info@brezadeveloper.sk Kancel\u00e1ria: Halen\u00e1rska 17, Trnava 971 01","og_url":"https:\/\/www.brezadeveloper.sk\/en\/kontakt\/","og_site_name":"BrezaDeveloper","article_publisher":"https:\/\/www.facebook.com\/brezadeveloper","article_modified_time":"2025-01-30T11:24:07+00:00","twitter_card":"summary_large_image","twitter_misc":{"Estimated reading time":"1 minute"},"schema":{"@context":"https:\/\/schema.org","@graph":[{"@type":"WebPage","@id":"https:\/\/www.brezadeveloper.sk\/kontakt\/","url":"https:\/\/www.brezadeveloper.sk\/kontakt\/","name":"Kontakt | BrezaDeveloper","isPartOf":{"@id":"https:\/\/www.brezadeveloper.sk\/#website"},"datePublished":"2025-01-28T17:25:26+00:00","dateModified":"2025-01-30T11:24:07+00:00","breadcrumb":{"@id":"https:\/\/www.brezadeveloper.sk\/kontakt\/#breadcrumb"},"inLanguage":"en-GB","potentialAction":[{"@type":"ReadAction","target":["https:\/\/www.brezadeveloper.sk\/kontakt\/"]}]},{"@type":"BreadcrumbList","@id":"https:\/\/www.brezadeveloper.sk\/kontakt\/#breadcrumb","itemListElement":[{"@type":"ListItem","position":1,"name":"Domovsk\u00e1 str\u00e1nka","item":"https:\/\/www.brezadeveloper.sk\/"},{"@type":"ListItem","position":2,"name":"Kontakt"}]},{"@type":"WebSite","@id":"https:\/\/www.brezadeveloper.sk\/#website","url":"https:\/\/www.brezadeveloper.sk\/","name":"BREZADEVELOPER","description":"","publisher":{"@id":"https:\/\/www.brezadeveloper.sk\/#organization"},"potentialAction":[{"@type":"SearchAction","target":{"@type":"EntryPoint","urlTemplate":"https:\/\/www.brezadeveloper.sk\/?s={search_term_string}"},"query-input":{"@type":"PropertyValueSpecification","valueRequired":true,"valueName":"search_term_string"}}],"inLanguage":"en-GB"},{"@type":"Organization","@id":"https:\/\/www.brezadeveloper.sk\/#organization","name":"BREZADEVELOPER","url":"https:\/\/www.brezadeveloper.sk\/","logo":{"@type":"ImageObject","inLanguage":"en-GB","@id":"https:\/\/www.brezadeveloper.sk\/#\/schema\/logo\/image\/","url":"https:\/\/www.brezadeveloper.sk\/wp-content\/uploads\/2022\/11\/logo-breza-cienre.webp","contentUrl":"https:\/\/www.brezadeveloper.sk\/wp-content\/uploads\/2022\/11\/logo-breza-cienre.webp","width":1644,"height":558,"caption":"BREZADEVELOPER"},"image":{"@id":"https:\/\/www.brezadeveloper.sk\/#\/schema\/logo\/image\/"},"sameAs":["https:\/\/www.facebook.com\/brezadeveloper","https:\/\/www.instagram.com\/brezadeveloper\/"]}]}},"_links":{"self":[{"href":"https:\/\/www.brezadeveloper.sk\/en\/wp-json\/wp\/v2\/pages\/2831","targetHints":{"allow":["GET"]}}],"collection":[{"href":"https:\/\/www.brezadeveloper.sk\/en\/wp-json\/wp\/v2\/pages"}],"about":[{"href":"https:\/\/www.brezadeveloper.sk\/en\/wp-json\/wp\/v2\/types\/page"}],"author":[{"embeddable":true,"href":"https:\/\/www.brezadeveloper.sk\/en\/wp-json\/wp\/v2\/users\/1"}],"replies":[{"embeddable":true,"href":"https:\/\/www.brezadeveloper.sk\/en\/wp-json\/wp\/v2\/comments?post=2831"}],"version-history":[{"count":35,"href":"https:\/\/www.brezadeveloper.sk\/en\/wp-json\/wp\/v2\/pages\/2831\/revisions"}],"predecessor-version":[{"id":3307,"href":"https:\/\/www.brezadeveloper.sk\/en\/wp-json\/wp\/v2\/pages\/2831\/revisions\/3307"}],"wp:attachment":[{"href":"https:\/\/www.brezadeveloper.sk\/en\/wp-json\/wp\/v2\/media?parent=2831"}],"curies":[{"name":"wp","href":"https:\/\/api.w.org\/{rel}","templated":true}]}}